{"id":1375,"date":"2025-03-14T21:39:17","date_gmt":"2025-03-14T20:39:17","guid":{"rendered":"https:\/\/www.colours.cz\/na-colours-bez-cekani\/"},"modified":"2025-07-09T11:14:21","modified_gmt":"2025-07-09T09:14:21","slug":"getting-your-wristband","status":"publish","type":"page","link":"https:\/\/www.colours.cz\/en\/about-festival\/general-information\/getting-your-wristband\/","title":{"rendered":"Colours Without Waiting"},"content":{"rendered":"<section class=\"base-section --none\">\n  <div class=\"base-section__container container-fluid\">\n        \n\n<header class=\"base-header d-flex flex-column gap-3 u-posr align-items-center justify-content-center   --color-primary\">\n\n      <div class=\"base-header__bg-img u-posa u-top-50-p u-left-50-p u-translate-middle w-100 h-100 u-z-index-negative\">\n      \n\n<div class=\"img u-posr overflow-hidden --cover    w-100\">\n  <picture>\n    \n    <img loading=\"lazy\" decoding=\"async\" src=\"\" data-src=\"https:\/\/www.colours.cz\/wp-content\/themes\/coloursofostrava\/images\/content\/base-header\/coo_26_motiv_vycisteny_compressed_fullhd.jpg\" alt=\"Colours Without Waiting - Colours of Ostrava\" width=\"1920\" height=\"214\" sizes=\"auto, (max-width: 480px) 480px, (max-width: 768px) 768px, (max-width: 1024px) 1024px, 1920px\" draggable=\"false\" srcset=\"\" data-srcset=\"https:\/\/www.colours.cz\/wp-content\/themes\/coloursofostrava\/images\/content\/base-header\/coo_26_motiv_vycisteny_compressed-480.webp 480w, https:\/\/www.colours.cz\/wp-content\/themes\/coloursofostrava\/images\/content\/base-header\/coo_26_motiv_vycisteny_compressed-960.webp 960w, https:\/\/www.colours.cz\/wp-content\/themes\/coloursofostrava\/images\/content\/base-header\/coo_26_motiv_vycisteny_compressed-768.webp 768w, https:\/\/www.colours.cz\/wp-content\/themes\/coloursofostrava\/images\/content\/base-header\/coo_26_motiv_vycisteny_compressed-1536.webp 1536w, https:\/\/www.colours.cz\/wp-content\/themes\/coloursofostrava\/images\/content\/base-header\/coo_26_motiv_vycisteny_compressed-1024.webp 1024w, https:\/\/www.colours.cz\/wp-content\/themes\/coloursofostrava\/images\/content\/base-header\/coo_26_motiv_vycisteny_compressed-2048.webp 2048w, https:\/\/www.colours.cz\/wp-content\/themes\/coloursofostrava\/images\/content\/base-header\/coo_26_motiv_vycisteny_compressed-1920.webp 1920w, https:\/\/www.colours.cz\/wp-content\/themes\/coloursofostrava\/images\/content\/base-header\/coo_26_motiv_vycisteny_compressed-2560.webp 2560w\">\n  <\/picture>\n<\/div>\n    <\/div>\n  \n      <h1 class=\"base-heading mb-0 text-uppercase  u-h1  --decorated\">\n            Colours Without Waiting\n      <\/h1>\n  \n  \n  \n  \n\n<\/header>\n\n\n  \n      <\/div>\n<\/section>\n\n\n<section class=\"base-section\">\n  <div class=\"base-section__container container-fluid\">\n        \n\n<div class=\"s-content_content row justify-content-center px-2 px-md-5\">\n  <div class=\"col-12\">\n\n    <div class=\"entry-content\">\n\n<p><strong>Take the opportunity to exchange your ticket for a wristband in advance. This will save you time when you first enter the festival. Exchange of the festival wristband is only possible in person.<\/strong><\/p>\n\n\n\n<p><a href=\"https:\/\/www.luxor.cz\/pobocky\/detail\/60\/knihkupectvi-luxor-nova-karolina\"><strong>Knihkupectv\u00ed Luxor, Nov\u00e1 Karolina<\/strong><\/a><br><em>OC Forum Nov\u00e1 Karolina, Jantarov\u00e1 3344\/4, Ostrava<\/em><\/p>\n\n\n\n<ul class=\"wp-block-list\">\n<li>Monday 14. 7. 2025, 14.00 &#8211; 20.00<\/li>\n\n\n\n<li>Tuesday 15. 7. 2025, 14.00 &#8211; 20.00<\/li>\n\n\n\n<li>Wednesday 16. 7. 2025, 9.00 &#8211; 18.00<\/li>\n<\/ul>\n\n\n\n<p><a href=\"https:\/\/www.luxor.cz\/pobocky\/detail\/40\/knihkupectvi-luxor-avion-sp\"><strong>Knihkupectv\u00ed Luxor, Avion Shopping Park<\/strong><\/a><br><em>OC Avion Shopping Park, Rudn\u00e1 3114\/114, Ostrava<\/em><\/p>\n\n\n\n<ul class=\"wp-block-list\">\n<li>Monday 14. 7. 2025, 14.00 &#8211; 20.00<\/li>\n\n\n\n<li>Tuesday 15. 7. 2025, 14.00 &#8211; 20.00<\/li>\n\n\n\n<li>Wednesday 16. 7. 2025, 9.00 &#8211; 18.00<\/li>\n<\/ul>\n\n\n\n<h3 class=\"wp-block-heading has-medium-font-size\">Praha<strong>:<\/strong><\/h3>\n\n\n\n<p><a href=\"https:\/\/www.luxor.cz\/pobocky\/detail\/47\/knihkupectvi-luxor-hlavni-nadrazi\"><strong>Knihkupectv\u00ed Luxor, Hlavn\u00ed n\u00e1dra\u017e\u00ed<\/strong><\/a><br><em>Knihkupectv\u00ed Luxor, Hlavn\u00ed n\u00e1dra\u017e\u00ed, Wilsonova 8, 121 06 Praha 2<\/em><\/p>\n\n\n\n<ul class=\"wp-block-list\">\n<li>Monday 14. 7. 2025, 14.00 &#8211; 20.00<\/li>\n\n\n\n<li>Tuesday 15. 7. 20205, 14.00 &#8211; 20.00<\/li>\n\n\n\n<li>Wednesday 16. 7. 2025,&nbsp; 9.00 &#8211; 15.00<\/li>\n<\/ul>\n\n\n\n<h3 class=\"wp-block-heading has-medium-font-size\">Brno:<\/h3>\n\n\n\n<p><a href=\"https:\/\/www.luxor.cz\/pobocky\/detail\/24\/knihkupectvi-luxor-nc-kralovo-pole\"><strong>Knihkupectv\u00ed Luxor, NC Kr\u00e1lovo Pole<\/strong><\/a><br><em>NC Kr\u00e1lovo Pole, Cimburkova 4, 612 00 Brno<\/em><\/p>\n\n\n\n<ul class=\"wp-block-list\">\n<li>Monday 14. 7. 2025, 14.00 &#8211; 20.00<\/li>\n\n\n\n<li>Tuesday 15. 7. 2025, 14.00 &#8211; 20.00<\/li>\n\n\n\n<li>Wednesday 16. 7. 2025, 9.00 &#8211; 15.00<\/li>\n<\/ul>\n\n<\/div>\n\n  <\/div>\n<\/div>\n\n\n  \n      <\/div>\n<\/section>\n","protected":false},"excerpt":{"rendered":"","protected":false},"author":5,"featured_media":0,"parent":1364,"menu_order":0,"comment_status":"closed","ping_status":"closed","template":"","meta":{"footnotes":""},"class_list":["post-1375","page","type-page","status-publish","hentry"],"yoast_head":"<!-- This site is optimized with the Yoast SEO plugin v25.3.1 - https:\/\/yoast.com\/wordpress\/plugins\/seo\/ -->\n<title>Colours Without Waiting - Colours of Ostrava<\/title>\n<meta name=\"robots\" content=\"index, follow, max-snippet:-1, max-image-preview:large, max-video-preview:-1\" \/>\n<link rel=\"canonical\" href=\"https:\/\/www.colours.cz\/en\/about-festival\/general-information\/getting-your-wristband\/\" \/>\n<meta property=\"og:locale\" content=\"en_US\" \/>\n<meta property=\"og:type\" content=\"article\" \/>\n<meta property=\"og:title\" content=\"Colours Without Waiting - Colours of Ostrava\" \/>\n<meta property=\"og:url\" content=\"https:\/\/www.colours.cz\/en\/about-festival\/general-information\/getting-your-wristband\/\" \/>\n<meta property=\"og:site_name\" content=\"Colours of Ostrava\" \/>\n<meta property=\"article:modified_time\" content=\"2025-07-09T09:14:21+00:00\" \/>\n<meta name=\"twitter:card\" content=\"summary_large_image\" \/>\n<!-- \/ Yoast SEO plugin. -->","yoast_head_json":{"title":"Colours Without Waiting - Colours of Ostrava","robots":{"index":"index","follow":"follow","max-snippet":"max-snippet:-1","max-image-preview":"max-image-preview:large","max-video-preview":"max-video-preview:-1"},"canonical":"https:\/\/www.colours.cz\/en\/about-festival\/general-information\/getting-your-wristband\/","og_locale":"en_US","og_type":"article","og_title":"Colours Without Waiting - Colours of Ostrava","og_url":"https:\/\/www.colours.cz\/en\/about-festival\/general-information\/getting-your-wristband\/","og_site_name":"Colours of Ostrava","article_modified_time":"2025-07-09T09:14:21+00:00","twitter_card":"summary_large_image","schema":{"@context":"https:\/\/schema.org","@graph":[{"@type":"WebPage","@id":"https:\/\/www.colours.cz\/en\/about-festival\/general-information\/getting-your-wristband\/","url":"https:\/\/www.colours.cz\/en\/about-festival\/general-information\/getting-your-wristband\/","name":"Colours Without Waiting - Colours of Ostrava","isPartOf":{"@id":"https:\/\/www.colours.cz\/en\/#website"},"datePublished":"2025-03-14T20:39:17+00:00","dateModified":"2025-07-09T09:14:21+00:00","breadcrumb":{"@id":"https:\/\/www.colours.cz\/en\/about-festival\/general-information\/getting-your-wristband\/#breadcrumb"},"inLanguage":"en-US","potentialAction":[{"@type":"ReadAction","target":["https:\/\/www.colours.cz\/en\/about-festival\/general-information\/getting-your-wristband\/"]}]},{"@type":"BreadcrumbList","@id":"https:\/\/www.colours.cz\/en\/about-festival\/general-information\/getting-your-wristband\/#breadcrumb","itemListElement":[{"@type":"ListItem","position":1,"name":"Dom\u016f","item":"https:\/\/www.colours.cz\/en\/"},{"@type":"ListItem","position":2,"name":"About Festival","item":"https:\/\/colours.pristup.net\/en\/about-festival\/"},{"@type":"ListItem","position":3,"name":"General Information","item":"https:\/\/www.colours.cz\/en\/about-festival\/general-information\/"},{"@type":"ListItem","position":4,"name":"Colours Without Waiting"}]},{"@type":"WebSite","@id":"https:\/\/www.colours.cz\/en\/#website","url":"https:\/\/www.colours.cz\/en\/","name":"Colours of Ostrava","description":"","potentialAction":[{"@type":"SearchAction","target":{"@type":"EntryPoint","urlTemplate":"https:\/\/www.colours.cz\/en\/?s={search_term_string}"},"query-input":{"@type":"PropertyValueSpecification","valueRequired":true,"valueName":"search_term_string"}}],"inLanguage":"en-US"}]}},"_links":{"self":[{"href":"https:\/\/www.colours.cz\/en\/wp-json\/wp\/v2\/pages\/1375","targetHints":{"allow":["GET"]}}],"collection":[{"href":"https:\/\/www.colours.cz\/en\/wp-json\/wp\/v2\/pages"}],"about":[{"href":"https:\/\/www.colours.cz\/en\/wp-json\/wp\/v2\/types\/page"}],"author":[{"embeddable":true,"href":"https:\/\/www.colours.cz\/en\/wp-json\/wp\/v2\/users\/5"}],"replies":[{"embeddable":true,"href":"https:\/\/www.colours.cz\/en\/wp-json\/wp\/v2\/comments?post=1375"}],"version-history":[{"count":3,"href":"https:\/\/www.colours.cz\/en\/wp-json\/wp\/v2\/pages\/1375\/revisions"}],"predecessor-version":[{"id":6837,"href":"https:\/\/www.colours.cz\/en\/wp-json\/wp\/v2\/pages\/1375\/revisions\/6837"}],"up":[{"embeddable":true,"href":"https:\/\/www.colours.cz\/en\/wp-json\/wp\/v2\/pages\/1364"}],"wp:attachment":[{"href":"https:\/\/www.colours.cz\/en\/wp-json\/wp\/v2\/media?parent=1375"}],"curies":[{"name":"wp","href":"https:\/\/api.w.org\/{rel}","templated":true}]}}