{"id":12004,"date":"2026-02-27T11:21:43","date_gmt":"2026-02-27T10:21:43","guid":{"rendered":"https:\/\/www.colours.cz\/kdo-se-muze-pridat\/"},"modified":"2026-03-03T16:52:09","modified_gmt":"2026-03-03T15:52:09","slug":"kdo-se-muze-pridat","status":"publish","type":"page","link":"https:\/\/www.colours.cz\/en\/kdo-se-muze-pridat\/","title":{"rendered":"KDO SE M\u016e\u017dE P\u0158IDAT"},"content":{"rendered":"<section class=\"base-section\">\n  <div class=\"base-section__container container-fluid\">\n        \n\n<header class=\"base-header d-flex flex-column gap-3 u-posr align-items-center justify-content-center  --compact --color-primary\">\n\n  \n      <h2 class=\"base-heading mb-0 text-uppercase  u-h2  --decorated\">\n            <strong>KDO SE M\u016e\u017dE P\u0158IDAT<\/strong>\n      <\/h2>\n  \n  \n  \n  \n\n<\/header>\n\n\n  \n      <\/div>\n<\/section>\n\n\n<section class=\"base-section --top-0\">\n  <div class=\"base-section__container container-fluid\">\n        \n\n<div class=\"s-content_content row justify-content-center px-2 px-md-5\">\n  <div class=\"col-12\">\n\n    <div class=\"entry-content\">\n\n<p class=\"has-medium-font-size\"> <strong>Do komunity se m\u016f\u017ee\u0161 p\u0159idat, pokud:<\/strong><br><br>\u2713 Fot\u00ed\u0161 ud\u00e1losti, koncerty, ulici, sport nebo dokument\u00e1rn\u00ed projekty \u2013 a l\u00e1k\u00e1 t\u011b hudebn\u00ed a festivalov\u00e1 fotografie<br>\u2713 Chce\u0161 se u\u010dit od zku\u0161en\u00fdch profesion\u00e1l\u016f a posunout sv\u00e9 portfolio na vy\u0161\u0161\u00ed \u00farove\u0148<br>\u2713 Hled\u00e1\u0161 komunitu fotograf\u016f, ne jen jednor\u00e1zovou \u201ebackstage\u201c zku\u0161enost<br>\u2713 M\u00e1\u0161 kvalitn\u00ed portfolio (nemus\u00ed b\u00fdt festivalov\u00e9, ale m\u011blo by ukazovat, \u017ee um\u00ed\u0161 zachytit \u017eiv\u00e9 momenty \u2013 lidi, atmosf\u00e9ru, emoce)<br><br><strong>Pokud chce\u0161 b\u00fdt vybr\u00e1n\/a do t\u00fdmu, pot\u0159ebuje\u0161 nav\u00edc:<\/strong><br><\/p>\n\n\n\n<p class=\"has-medium-font-size\">\u2713 Je ti 18 let a v\u00edce<br>\u2713 M\u00e1\u0161 zvl\u00e1dnut\u00fd Lightroom workflow \u2013 pracuje\u0161 s RAW soubory, um\u00ed\u0161 pojmenov\u00e1vat soubory a dodr\u017eovat deadline<br>\u2713 Zvl\u00e1d\u00e1\u0161 tlak festivalov\u00e9ho prost\u0159ed\u00ed a rychle se m\u011bn\u00edc\u00ed podm\u00ednky<br>\u2713 M\u00e1\u0161 otev\u0159enou mysl, um\u00ed\u0161 p\u0159ij\u00edmat konstruktivn\u00ed zp\u011btnou vazbu a chce\u0161 se zlep\u0161ovat<br><br><strong>Nehled\u00e1me jen zku\u0161en\u00e9 fotografy. Hled\u00e1me kreativce s v\u00e1\u0161n\u00ed, talentem a energi\u00ed n\u011bco dok\u00e1zat.<\/strong><\/p>\n\n<\/div>\n\n  <\/div>\n<\/div>\n\n\n  \n      <\/div>\n<\/section>\n","protected":false},"excerpt":{"rendered":"","protected":false},"author":15,"featured_media":0,"parent":0,"menu_order":0,"comment_status":"closed","ping_status":"closed","template":"","meta":{"footnotes":""},"class_list":["post-12004","page","type-page","status-publish","hentry"],"yoast_head":"<!-- This site is optimized with the Yoast SEO plugin v25.3.1 - https:\/\/yoast.com\/wordpress\/plugins\/seo\/ -->\n<title>KDO SE M\u016e\u017dE P\u0158IDAT - Colours of Ostrava<\/title>\n<meta name=\"robots\" content=\"index, follow, max-snippet:-1, max-image-preview:large, max-video-preview:-1\" \/>\n<link rel=\"canonical\" href=\"https:\/\/www.colours.cz\/en\/kdo-se-muze-pridat\/\" \/>\n<meta property=\"og:locale\" content=\"en_US\" \/>\n<meta property=\"og:type\" content=\"article\" \/>\n<meta property=\"og:title\" content=\"KDO SE M\u016e\u017dE P\u0158IDAT - Colours of Ostrava\" \/>\n<meta property=\"og:url\" content=\"https:\/\/www.colours.cz\/en\/kdo-se-muze-pridat\/\" \/>\n<meta property=\"og:site_name\" content=\"Colours of Ostrava\" \/>\n<meta property=\"article:modified_time\" content=\"2026-03-03T15:52:09+00:00\" \/>\n<meta name=\"twitter:card\" content=\"summary_large_image\" \/>\n<meta name=\"twitter:label1\" content=\"Est. reading time\" \/>\n\t<meta name=\"twitter:data1\" content=\"1 minute\" \/>\n<!-- \/ Yoast SEO plugin. -->","yoast_head_json":{"title":"KDO SE M\u016e\u017dE P\u0158IDAT - Colours of Ostrava","robots":{"index":"index","follow":"follow","max-snippet":"max-snippet:-1","max-image-preview":"max-image-preview:large","max-video-preview":"max-video-preview:-1"},"canonical":"https:\/\/www.colours.cz\/en\/kdo-se-muze-pridat\/","og_locale":"en_US","og_type":"article","og_title":"KDO SE M\u016e\u017dE P\u0158IDAT - Colours of Ostrava","og_url":"https:\/\/www.colours.cz\/en\/kdo-se-muze-pridat\/","og_site_name":"Colours of Ostrava","article_modified_time":"2026-03-03T15:52:09+00:00","twitter_card":"summary_large_image","twitter_misc":{"Est. reading time":"1 minute"},"schema":{"@context":"https:\/\/schema.org","@graph":[{"@type":"WebPage","@id":"https:\/\/www.colours.cz\/en\/kdo-se-muze-pridat\/","url":"https:\/\/www.colours.cz\/en\/kdo-se-muze-pridat\/","name":"KDO SE M\u016e\u017dE P\u0158IDAT - Colours of Ostrava","isPartOf":{"@id":"https:\/\/www.colours.cz\/en\/#website"},"datePublished":"2026-02-27T10:21:43+00:00","dateModified":"2026-03-03T15:52:09+00:00","breadcrumb":{"@id":"https:\/\/www.colours.cz\/en\/kdo-se-muze-pridat\/#breadcrumb"},"inLanguage":"en-US","potentialAction":[{"@type":"ReadAction","target":["https:\/\/www.colours.cz\/en\/kdo-se-muze-pridat\/"]}]},{"@type":"BreadcrumbList","@id":"https:\/\/www.colours.cz\/en\/kdo-se-muze-pridat\/#breadcrumb","itemListElement":[{"@type":"ListItem","position":1,"name":"Dom\u016f","item":"https:\/\/www.colours.cz\/en\/"},{"@type":"ListItem","position":2,"name":"KDO SE M\u016e\u017dE P\u0158IDAT"}]},{"@type":"WebSite","@id":"https:\/\/www.colours.cz\/en\/#website","url":"https:\/\/www.colours.cz\/en\/","name":"Colours of Ostrava","description":"","potentialAction":[{"@type":"SearchAction","target":{"@type":"EntryPoint","urlTemplate":"https:\/\/www.colours.cz\/en\/?s={search_term_string}"},"query-input":{"@type":"PropertyValueSpecification","valueRequired":true,"valueName":"search_term_string"}}],"inLanguage":"en-US"}]}},"_links":{"self":[{"href":"https:\/\/www.colours.cz\/en\/wp-json\/wp\/v2\/pages\/12004","targetHints":{"allow":["GET"]}}],"collection":[{"href":"https:\/\/www.colours.cz\/en\/wp-json\/wp\/v2\/pages"}],"about":[{"href":"https:\/\/www.colours.cz\/en\/wp-json\/wp\/v2\/types\/page"}],"author":[{"embeddable":true,"href":"https:\/\/www.colours.cz\/en\/wp-json\/wp\/v2\/users\/15"}],"replies":[{"embeddable":true,"href":"https:\/\/www.colours.cz\/en\/wp-json\/wp\/v2\/comments?post=12004"}],"version-history":[{"count":3,"href":"https:\/\/www.colours.cz\/en\/wp-json\/wp\/v2\/pages\/12004\/revisions"}],"predecessor-version":[{"id":12038,"href":"https:\/\/www.colours.cz\/en\/wp-json\/wp\/v2\/pages\/12004\/revisions\/12038"}],"wp:attachment":[{"href":"https:\/\/www.colours.cz\/en\/wp-json\/wp\/v2\/media?parent=12004"}],"curies":[{"name":"wp","href":"https:\/\/api.w.org\/{rel}","templated":true}]}}